{"id":2253,"date":"2021-01-17T13:03:21","date_gmt":"2021-01-17T13:03:21","guid":{"rendered":"https:\/\/zaun-meister.ch\/zaunbau\/?page_id=2253"},"modified":"2022-05-03T06:34:37","modified_gmt":"2022-05-03T06:34:37","slug":"impressum-datenschutz","status":"publish","type":"page","link":"https:\/\/zaun-meister.ch\/zaunbau\/impressum-datenschutz\/","title":{"rendered":"Datenschutz \/ Impressum"},"content":{"rendered":"\t\t<div data-elementor-type=\"wp-page\" data-elementor-id=\"2253\" class=\"elementor elementor-2253\" data-elementor-post-type=\"page\">\n\t\t\t\t\t\t<section class=\"elementor-section elementor-top-section elementor-element elementor-element-bc4e5cb elementor-section-boxed elementor-section-height-default elementor-section-height-default\" data-id=\"bc4e5cb\" data-element_type=\"section\" data-e-type=\"section\" data-settings=\"{&quot;background_background&quot;:&quot;classic&quot;}\">\n\t\t\t\t\t\t<div class=\"elementor-container elementor-column-gap-default\">\n\t\t\t\t\t<div class=\"elementor-column elementor-col-100 elementor-top-column elementor-element elementor-element-41379b1\" data-id=\"41379b1\" data-element_type=\"column\" data-e-type=\"column\">\n\t\t\t<div class=\"elementor-widget-wrap elementor-element-populated\">\n\t\t\t\t\t\t<div class=\"elementor-element elementor-element-d46fd4f elementor-widget elementor-widget-heading\" data-id=\"d46fd4f\" data-element_type=\"widget\" data-e-type=\"widget\" data-widget_type=\"heading.default\">\n\t\t\t\t<div class=\"elementor-widget-container\">\n\t\t\t\t\t<h1 class=\"elementor-heading-title elementor-size-default\">Impressum<\/h1>\t\t\t\t<\/div>\n\t\t\t\t<\/div>\n\t\t\t\t<div class=\"elementor-element elementor-element-3b1af35 elementor-widget elementor-widget-text-editor\" data-id=\"3b1af35\" data-element_type=\"widget\" data-e-type=\"widget\" data-widget_type=\"text-editor.default\">\n\t\t\t\t<div class=\"elementor-widget-container\">\n\t\t\t\t\t\t\t\t\t<p><strong>Inhaber und Webmaster dieser Webseite<\/strong><\/p><p>Zaunmeister GmbH<br \/><span lang=\"DE-CH\">Pappelnstrasse 12, 8620 Wetzikon<\/span><br \/>Tel. 044 558 33 66<br \/>Email<a href=\"mailto:info@zaun-meister.ch\">\u00a0info@zaun-meister.ch<\/a><\/p><p><strong><br \/>Rechtliche Hinweise<\/strong><\/p><p>\u00a9 2021 by Zaunmeister GmbH \u2013 alle Rechte vorbehalten<br \/>Das Copyright f\u00fcr den gesamten Internetauftritt liegt bei Zaunmeister GmbH. Inhalte d\u00fcrfen nicht in einem anderen Zusammenhang verwendet und kopiert werden. F\u00fcr Informationen auf dieser Website werden s\u00e4mtliche Haftungsanspr\u00fcche ausgeschlossen. Pers\u00f6nliche Daten, die beim Ausf\u00fcllen des Formulares \u00fcbermittelt werden, sind vertraulich und werden nicht an Dritte weitergegeben.<\/p><p>Z\u00fcrich 05.2018\u00a0\u00a0 &#8211; Zaunmeister GmbH<\/p>\t\t\t\t\t\t\t\t<\/div>\n\t\t\t\t<\/div>\n\t\t\t\t\t<\/div>\n\t\t<\/div>\n\t\t\t\t\t<\/div>\n\t\t<\/section>\n\t\t\t\t<section class=\"elementor-section elementor-top-section elementor-element elementor-element-3c9edef0 elementor-section-boxed elementor-section-height-default elementor-section-height-default\" data-id=\"3c9edef0\" data-element_type=\"section\" data-e-type=\"section\" data-settings=\"{&quot;background_background&quot;:&quot;classic&quot;}\">\n\t\t\t\t\t\t<div class=\"elementor-container elementor-column-gap-default\">\n\t\t\t\t\t<div class=\"elementor-column elementor-col-100 elementor-top-column elementor-element elementor-element-2b037b7\" data-id=\"2b037b7\" data-element_type=\"column\" data-e-type=\"column\">\n\t\t\t<div class=\"elementor-widget-wrap elementor-element-populated\">\n\t\t\t\t\t\t<div class=\"elementor-element elementor-element-e88cbb8 elementor-widget elementor-widget-heading\" data-id=\"e88cbb8\" data-element_type=\"widget\" data-e-type=\"widget\" data-widget_type=\"heading.default\">\n\t\t\t\t<div class=\"elementor-widget-container\">\n\t\t\t\t\t<h3 class=\"elementor-heading-title elementor-size-default\">Datenschutz<\/h3>\t\t\t\t<\/div>\n\t\t\t\t<\/div>\n\t\t\t\t<div class=\"elementor-element elementor-element-e8816d6 elementor-widget elementor-widget-text-editor\" data-id=\"e8816d6\" data-element_type=\"widget\" data-e-type=\"widget\" data-widget_type=\"text-editor.default\">\n\t\t\t\t<div class=\"elementor-widget-container\">\n\t\t\t\t\t\t\t\t\t<p>Diese Datenschutzerkl\u00e4rung soll die Nutzer dieser Website \u00fcber die Art, den Umfang und den Zweck der Erhebung und Verwendung personenbezogener Daten durch den Websitebetreiber Zaun Meister GmbH informieren.&nbsp;Der Websitebetreiber nimmt Ihren Datenschutz sehr ernst und behandelt Ihre personenbezogenen Daten vertraulich und entsprechend der gesetzlichen Vorschriften.<\/p>\n<p>Bedenken Sie, dass die Daten\u00fcbertragung im Internet grunds\u00e4tzlich mit Sicherheitsl\u00fccken bedacht sein kann. Ein vollumf\u00e4nglicher Schutz vor dem Zugriff durch Fremde ist nicht realisierbar.<\/p>\n<p><strong>Zugriffsdaten<\/strong><br><\/p>\n<p>Der Websitebetreiber bzw. Seitenprovider erhebt Daten \u00fcber Zugriffe auf die Seite und speichert diese als \u201eServer-Logfiles\u201c ab. Folgende Daten werden so protokolliert:<\/p>\n<ul>\n<li>Besuchte Website<\/li>\n<li>Uhrzeit zum Zeitpunkt des Zugriffes<\/li>\n<li>Menge der gesendeten Daten in Byte<\/li>\n<li>Quelle\/Verweis, von welchem Sie auf die Seite gelangten<\/li>\n<li>Verwendeter Browser<\/li>\n<li>Verwendetes Betriebssystem<\/li>\n<li>Verwendete IP-Adresse<\/li>\n<\/ul>\n<p>Die erhobenen Daten dienen lediglich statistischen Auswertungen und zur Verbesserung der Website. Der Websitebetreiber beh\u00e4lt sich allerdings vor, die Server-Logfiles nachtr\u00e4glich zu \u00fcberpr\u00fcfen, sollten konkrete Anhaltspunkte auf eine rechtswidrige Nutzung hinweisen.<\/p>\n<p><strong>Cookies<\/strong><\/p>\n<p>Diese Website verwendet Cookies. Dabei handelt es sich um kleine Textdateien, welche auf Ihrem Endger\u00e4t gespeichert werden. Ihr Browser greift auf diese Dateien zu. Durch den Einsatz von Cookies erh\u00f6ht sich die Benutzerfreundlichkeit und Sicherheit dieser Website.&nbsp;G\u00e4ngige Browser bieten die Einstellungsoption, Cookies nicht zuzulassen. Hinweis: Es ist nicht gew\u00e4hrleistet, dass Sie auf alle Funktionen dieser Website ohne Einschr\u00e4nkungen zugreifen k\u00f6nnen, wenn Sie entsprechende Einstellungen vornehmen.<\/p>\n<p><strong>Umgang mit personenbezogenen Daten<\/strong><\/p>\n<p>Der Websitebetreiber erhebt, nutzt und gibt Ihre personenbezogenen Daten nur dann weiter, wenn dies im gesetzlichen Rahmen erlaubt ist oder Sie in die Datenerhebung einwilligen.&nbsp;Als personenbezogene Daten gelten s\u00e4mtliche Informationen, welche dazu dienen, Ihre Person zu bestimmen und welche zu Ihnen zur\u00fcckverfolgt werden k\u00f6nnen \u2013 also beispielsweise Ihr Name, Ihre E-Mail-Adresse und Telefonnummer.<\/p>\n<p><strong>Umgang mit Kontaktdaten<\/strong><\/p>\n<p>Nehmen Sie mit dem Websitebetreiber durch die angebotenen Kontaktm\u00f6glichkeiten Verbindung auf, werden Ihre Angaben gespeichert, damit auf diese zur Bearbeitung und Beantwortung Ihrer Anfrage zur\u00fcckgegriffen werden kann. Ohne Ihre Einwilligung werden diese Daten nicht an Dritte weitergegeben.<\/p>\n<p><strong>Umgang mit Kommentaren und Beitr\u00e4gen<\/strong><\/p>\n<p>Hinterlassen Sie auf dieser Website einen Beitrag oder Kommentar, wird Ihre IP-Adresse gespeichert. Dies dient der Sicherheit des Websitebetreibers: Verst\u00f6\u00dft Ihr Text gegen das Recht, m\u00f6chte er Ihre Identit\u00e4t nachverfolgen k\u00f6nnen.<\/p>\n<p><strong>Abonnements<\/strong><\/p>\n<p>Sie haben die M\u00f6glichkeit, sowohl die gesamte Website als auch Nachfolgekommentare auf Ihren Beitrag zu abonnieren. Sie erhalten eine E-Mail zur Best\u00e4tigung Ihrer E-Mail-Adresse. Neben dieser werden keine weiteren Daten erhoben. Die gespeicherten Daten werden nicht an Dritte weitergereicht. Sie k\u00f6nnen ein Abonnement jederzeit abbestellen.<\/p>\n<p><strong>Google Analytics&nbsp;<\/strong><\/p>\n<p>Diese Website nutzt den Dienst \u201eGoogle Analytics\u201c, welcher von der Google Inc. (1600 Amphitheatre Parkway Mountain View, CA 94043, USA) angeboten wird, zur Analyse der Websitebenutzung durch Nutzer. Der Dienst verwendet \u201eCookies\u201c \u2013 Textdateien, welche auf Ihrem Endger\u00e4t gespeichert werden. Die durch die Cookies gesammelten Informationen werden im Regelfall an einen Google-Server in den USA gesandt und dort gespeichert.&nbsp;Auf dieser Website greift die IP-Anonymisierung. Die IP-Adresse der Nutzer wird innerhalb der Mitgliedsstaaten der EU und des Europ\u00e4ischen Wirtschaftsraum gek\u00fcrzt. Durch diese K\u00fcrzung entf\u00e4llt der Personenbezug Ihrer IP-Adresse. Im Rahmen der Vereinbarung zur Auftragsdatenvereinbarung, welche die Websitebetreiber mit der Google Inc. geschlossen haben, erstellt diese mithilfe der gesammelten Informationen eine Auswertung der Websitenutzung und der Websiteaktivit\u00e4t und erbringt mit der Internetnutzung verbundene Dienstleistungen.<\/p>\n<p>Sie haben die M\u00f6glichkeit, die Speicherung des Cookies auf Ihrem Ger\u00e4t zu verhindern, indem Sie in Ihrem Browser entsprechende Einstellungen vornehmen. Es ist nicht gew\u00e4hrleistet, dass Sie auf alle Funktionen dieser Website ohne Einschr\u00e4nkungen zugreifen k\u00f6nnen, wenn Ihr Browser keine Cookies zul\u00e4sst.<\/p>\n<p>Weiterhin k\u00f6nnen Sie durch ein Browser-Plugin verhindern, dass die durch Cookies gesammelten Informationen (inklusive Ihrer IP-Adresse) an die Google Inc. gesendet und von der Google Inc. genutzt werden. Folgender Link f\u00fchrt Sie zu dem entsprechenden Plugin:&nbsp;<a href=\"https:\/\/tools.google.com\/dlpage\/gaoptout?hl=de\">https:\/\/tools.google.com\/dlpage\/gaoptout?hl=de<\/a><br>\nAlternativ verhindern Sie, dass Google Analytics innerhalb dieser Website Daten \u00fcber Sie erfasst. Mit dem Klick auf obigen Link laden Sie ein \u201eOpt-Out-Cookie\u201c herunter. Ihr Browser muss die Speicherung von Cookies also hierzu grunds\u00e4tzlich erlauben. L\u00f6schen Sie Ihre Cookies regelm\u00e4\u00dfig, ist ein erneuter Klick auf den Link bei jedem Besuch dieser Website vonn\u00f6ten.&nbsp;Hier finden Sie weitere Informationen zur Datennutzung durch die Google Inc.:&nbsp;<a href=\"https:\/\/support.google.com\/analytics\/answer\/6004245?hl=de\" rel=\"noindex nofollow\">https:\/\/support.google.com\/analytics\/answer\/6004245?hl=de<\/a><\/p>\n<p><strong>Nutzung von Social-Media-Plugins<\/strong><\/p>\n<p>Diese Website verwendet Facebook Social Plugins, welches von der Facebook Inc. (1 Hacker Way, Menlo Park, California 94025, USA) betrieben wird. Erkennbar sind die Einbindungen an dem Facebook-Logo bzw. an den Begriffen \u201eLike\u201c, \u201eGef\u00e4llt mir\u201c, \u201eTeilen\u201c in den Farben Facebooks (Blau und Wei\u00df). Informationen zu allen Facebook-Plugins finden Sie im folgenden Link:&nbsp;<a href=\"https:\/\/developers.facebook.com\/docs\/plugins\/\">https:\/\/developers.facebook.com\/docs\/plugins\/<\/a><\/p>\n<p>Das Plugin stellt eine direkte Verbindung zwischen Ihrem Browser und den Facebook-Servern her. Der Websitebetreiber hat keinerlei Einfluss auf die Natur und den Umfang der Daten, welche das Plugin an die Server der Facebook Inc. \u00fcbermittelt. Informationen dazu finden Sie hier:&nbsp;<a href=\"https:\/\/www.facebook.com\/help\/186325668085084\">https:\/\/www.facebook.com\/help\/186325668085084<\/a><br>\nDas Plugin informiert die Facebook Inc. dar\u00fcber, dass Sie Nutzer diese Website besucht hat. Es besteht hierbei die M\u00f6glichkeit, dass Ihre IP-Adresse gespeichert wird. Sind Sie w\u00e4hrend des Besuchs auf dieser Website in Ihrem Facebook-Konto eingeloggt, werden die genannten Informationen mit diesem verkn\u00fcpft.&nbsp;Nutzen Sie die Funktionen des Plugins \u2013 etwa indem Sie einen Beitrag teilen oder \u201eliken\u201c \u2013 werden die entsprechenden Informationen ebenfalls an die Facebook Inc. \u00fcbermittelt.&nbsp;M\u00f6chten Sie verhindern, dass die Facebook. Inc. diese Daten mit Ihrem Facebook-Konto verkn\u00fcpft, loggen Sie sich bitte vor dem Besuch dieser Website bei Facebook aus.<\/p>\n<p><strong>Newsletter-Abonnement<\/strong><\/p>\n<p>Der Websitebetreiber bietet Ihnen einen Newsletter an, in welchem er Sie \u00fcber aktuelle Geschehnisse und Angebote informiert. M\u00f6chten Sie den Newsletter abonnieren, m\u00fcssen Sie eine valide E-Mail-Adresse angeben.<\/p>\n<p><strong>Rechte des Nutzers: Auskunft, Berichtigung und L\u00f6schung<\/strong><\/p>\n<p>Sie als Nutzer erhalten auf Antrag Ihrerseits kostenlose Auskunft dar\u00fcber, welche personenbezogenen Daten \u00fcber Sie gespeichert wurden. Sofern Ihr Wunsch nicht mit einer gesetzlichen Pflicht zur Aufbewahrung von Daten (z. B. Vorratsdatenspeicherung) kollidiert, haben Sie ein Anrecht auf Berichtigung falscher Daten und auf die Sperrung oder L\u00f6schung Ihrer personenbezogenen Daten.<\/p>\n<p>Z\u00fcrich 05.2018&nbsp;&nbsp; \u2013 Zaunmeister GmbH<\/p>\t\t\t\t\t\t\t\t<\/div>\n\t\t\t\t<\/div>\n\t\t\t\t<div class=\"elementor-element elementor-element-c56d1ca elementor-widget elementor-widget-spacer\" data-id=\"c56d1ca\" data-element_type=\"widget\" data-e-type=\"widget\" data-widget_type=\"spacer.default\">\n\t\t\t\t<div class=\"elementor-widget-container\">\n\t\t\t\t\t\t\t<div class=\"elementor-spacer\">\n\t\t\t<div class=\"elementor-spacer-inner\"><\/div>\n\t\t<\/div>\n\t\t\t\t\t\t<\/div>\n\t\t\t\t<\/div>\n\t\t\t\t\t<\/div>\n\t\t<\/div>\n\t\t\t\t\t<\/div>\n\t\t<\/section>\n\t\t\t\t<\/div>\n\t\t","protected":false},"excerpt":{"rendered":"<p>Impressum Inhaber und Webmaster dieser Webseite Zaunmeister GmbHPappelnstrasse 12, 8620 WetzikonTel. 044 558 33 66Email\u00a0info@zaun-meister.ch Rechtliche Hinweise \u00a9 2021 by Zaunmeister GmbH \u2013 alle Rechte vorbehaltenDas Copyright f\u00fcr den gesamten Internetauftritt liegt bei Zaunmeister GmbH. Inhalte d\u00fcrfen nicht in einem anderen Zusammenhang verwendet und kopiert werden. F\u00fcr Informationen auf dieser Website werden s\u00e4mtliche Haftungsanspr\u00fcche ausgeschlossen. &hellip; <\/p>\n<p class=\"link-more\"><a href=\"https:\/\/zaun-meister.ch\/zaunbau\/impressum-datenschutz\/\" class=\"more-link\"><span class=\"screen-reader-text\">&#171;Datenschutz \/ Impressum&#187;<\/span> weiterlesen<\/a><\/p>\n","protected":false},"author":1,"featured_media":0,"parent":0,"menu_order":0,"comment_status":"closed","ping_status":"closed","template":"elementor_header_footer","meta":{"footnotes":""},"class_list":["post-2253","page","type-page","status-publish","hentry"],"yoast_head":"<!-- This site is optimized with the Yoast SEO plugin v27.1.1 - https:\/\/yoast.com\/product\/yoast-seo-wordpress\/ -->\n<title>Datenschutz \/ Impressum - Zaunmeister GmbH - Ihr kompetenter Zaunbau Partner<\/title>\n<meta name=\"robots\" content=\"index, follow, max-snippet:-1, max-image-preview:large, max-video-preview:-1\" \/>\n<link rel=\"canonical\" href=\"https:\/\/zaun-meister.ch\/zaunbau\/impressum-datenschutz\/\" \/>\n<meta property=\"og:locale\" content=\"de_DE\" \/>\n<meta property=\"og:type\" content=\"article\" \/>\n<meta property=\"og:title\" content=\"Datenschutz \/ Impressum - Zaunmeister GmbH - Ihr kompetenter Zaunbau Partner\" \/>\n<meta property=\"og:description\" content=\"Impressum Inhaber und Webmaster dieser Webseite Zaunmeister GmbHPappelnstrasse 12, 8620 WetzikonTel. 044 558 33 66Email\u00a0info@zaun-meister.ch Rechtliche Hinweise \u00a9 2021 by Zaunmeister GmbH \u2013 alle Rechte vorbehaltenDas Copyright f\u00fcr den gesamten Internetauftritt liegt bei Zaunmeister GmbH. Inhalte d\u00fcrfen nicht in einem anderen Zusammenhang verwendet und kopiert werden. F\u00fcr Informationen auf dieser Website werden s\u00e4mtliche Haftungsanspr\u00fcche ausgeschlossen. &hellip; &quot;Datenschutz \/ Impressum&quot; weiterlesen\" \/>\n<meta property=\"og:url\" content=\"https:\/\/zaun-meister.ch\/zaunbau\/impressum-datenschutz\/\" \/>\n<meta property=\"og:site_name\" content=\"Zaunmeister GmbH - Ihr kompetenter Zaunbau Partner\" \/>\n<meta property=\"article:publisher\" content=\"https:\/\/www.facebook.com\/Zaunmeister-GmbH-110472404880314\" \/>\n<meta property=\"article:modified_time\" content=\"2022-05-03T06:34:37+00:00\" \/>\n<meta property=\"og:image\" content=\"https:\/\/zaun-meister.ch\/zaunbau\/wp-content\/uploads\/2020\/12\/Logo_lang_zaun-meister.jpg\" \/>\n\t<meta property=\"og:image:width\" content=\"800\" \/>\n\t<meta property=\"og:image:height\" content=\"120\" \/>\n\t<meta property=\"og:image:type\" content=\"image\/jpeg\" \/>\n<meta name=\"twitter:card\" content=\"summary_large_image\" \/>\n<meta name=\"twitter:label1\" content=\"Gesch\u00e4tzte Lesezeit\" \/>\n\t<meta name=\"twitter:data1\" content=\"6\u00a0Minuten\" \/>\n<script type=\"application\/ld+json\" class=\"yoast-schema-graph\">{\"@context\":\"https:\/\/schema.org\",\"@graph\":[{\"@type\":\"WebPage\",\"@id\":\"https:\/\/zaun-meister.ch\/zaunbau\/impressum-datenschutz\/\",\"url\":\"https:\/\/zaun-meister.ch\/zaunbau\/impressum-datenschutz\/\",\"name\":\"Datenschutz \/ Impressum - Zaunmeister GmbH - Ihr kompetenter Zaunbau Partner\",\"isPartOf\":{\"@id\":\"https:\/\/zaun-meister.ch\/zaunbau\/#website\"},\"datePublished\":\"2021-01-17T13:03:21+00:00\",\"dateModified\":\"2022-05-03T06:34:37+00:00\",\"breadcrumb\":{\"@id\":\"https:\/\/zaun-meister.ch\/zaunbau\/impressum-datenschutz\/#breadcrumb\"},\"inLanguage\":\"de-CH\",\"potentialAction\":[{\"@type\":\"ReadAction\",\"target\":[\"https:\/\/zaun-meister.ch\/zaunbau\/impressum-datenschutz\/\"]}]},{\"@type\":\"BreadcrumbList\",\"@id\":\"https:\/\/zaun-meister.ch\/zaunbau\/impressum-datenschutz\/#breadcrumb\",\"itemListElement\":[{\"@type\":\"ListItem\",\"position\":1,\"name\":\"Home\",\"item\":\"https:\/\/zaun-meister.ch\/zaunbau\/\"},{\"@type\":\"ListItem\",\"position\":2,\"name\":\"Datenschutz \/ Impressum\"}]},{\"@type\":\"WebSite\",\"@id\":\"https:\/\/zaun-meister.ch\/zaunbau\/#website\",\"url\":\"https:\/\/zaun-meister.ch\/zaunbau\/\",\"name\":\"Zaunmeister GmbH - Ihr kompetenter Zaunbau Partner\",\"description\":\"Spezialist f\u00fcr Zaun- und Torbau\",\"publisher\":{\"@id\":\"https:\/\/zaun-meister.ch\/zaunbau\/#organization\"},\"potentialAction\":[{\"@type\":\"SearchAction\",\"target\":{\"@type\":\"EntryPoint\",\"urlTemplate\":\"https:\/\/zaun-meister.ch\/zaunbau\/?s={search_term_string}\"},\"query-input\":{\"@type\":\"PropertyValueSpecification\",\"valueRequired\":true,\"valueName\":\"search_term_string\"}}],\"inLanguage\":\"de-CH\"},{\"@type\":\"Organization\",\"@id\":\"https:\/\/zaun-meister.ch\/zaunbau\/#organization\",\"name\":\"Zaunmeister GmbH - Ihr kompetenter Zaunbau Partner\",\"alternateName\":\"Zaunmeister \u2013 Ihr Meister f\u00fcr den Bau von Z\u00e4unen aller Art\",\"url\":\"https:\/\/zaun-meister.ch\/zaunbau\/\",\"logo\":{\"@type\":\"ImageObject\",\"inLanguage\":\"de-CH\",\"@id\":\"https:\/\/zaun-meister.ch\/zaunbau\/#\/schema\/logo\/image\/\",\"url\":\"https:\/\/zaun-meister.ch\/zaunbau\/wp-content\/uploads\/Logo_lang_zaun-meister.jpg\",\"contentUrl\":\"https:\/\/zaun-meister.ch\/zaunbau\/wp-content\/uploads\/Logo_lang_zaun-meister.jpg\",\"width\":800,\"height\":120,\"caption\":\"Zaunmeister GmbH - Ihr kompetenter Zaunbau Partner\"},\"image\":{\"@id\":\"https:\/\/zaun-meister.ch\/zaunbau\/#\/schema\/logo\/image\/\"},\"sameAs\":[\"https:\/\/www.facebook.com\/Zaunmeister-GmbH-110472404880314\",\"https:\/\/www.instagram.com\/zaunbau_zaunmeister\/\"]}]}<\/script>\n<!-- \/ Yoast SEO plugin. -->","yoast_head_json":{"title":"Datenschutz \/ Impressum - Zaunmeister GmbH - Ihr kompetenter Zaunbau Partner","robots":{"index":"index","follow":"follow","max-snippet":"max-snippet:-1","max-image-preview":"max-image-preview:large","max-video-preview":"max-video-preview:-1"},"canonical":"https:\/\/zaun-meister.ch\/zaunbau\/impressum-datenschutz\/","og_locale":"de_DE","og_type":"article","og_title":"Datenschutz \/ Impressum - Zaunmeister GmbH - Ihr kompetenter Zaunbau Partner","og_description":"Impressum Inhaber und Webmaster dieser Webseite Zaunmeister GmbHPappelnstrasse 12, 8620 WetzikonTel. 044 558 33 66Email\u00a0info@zaun-meister.ch Rechtliche Hinweise \u00a9 2021 by Zaunmeister GmbH \u2013 alle Rechte vorbehaltenDas Copyright f\u00fcr den gesamten Internetauftritt liegt bei Zaunmeister GmbH. Inhalte d\u00fcrfen nicht in einem anderen Zusammenhang verwendet und kopiert werden. F\u00fcr Informationen auf dieser Website werden s\u00e4mtliche Haftungsanspr\u00fcche ausgeschlossen. &hellip; \"Datenschutz \/ Impressum\" weiterlesen","og_url":"https:\/\/zaun-meister.ch\/zaunbau\/impressum-datenschutz\/","og_site_name":"Zaunmeister GmbH - Ihr kompetenter Zaunbau Partner","article_publisher":"https:\/\/www.facebook.com\/Zaunmeister-GmbH-110472404880314","article_modified_time":"2022-05-03T06:34:37+00:00","og_image":[{"width":800,"height":120,"url":"https:\/\/zaun-meister.ch\/zaunbau\/wp-content\/uploads\/2020\/12\/Logo_lang_zaun-meister.jpg","type":"image\/jpeg"}],"twitter_card":"summary_large_image","twitter_misc":{"Gesch\u00e4tzte Lesezeit":"6\u00a0Minuten"},"schema":{"@context":"https:\/\/schema.org","@graph":[{"@type":"WebPage","@id":"https:\/\/zaun-meister.ch\/zaunbau\/impressum-datenschutz\/","url":"https:\/\/zaun-meister.ch\/zaunbau\/impressum-datenschutz\/","name":"Datenschutz \/ Impressum - Zaunmeister GmbH - Ihr kompetenter Zaunbau Partner","isPartOf":{"@id":"https:\/\/zaun-meister.ch\/zaunbau\/#website"},"datePublished":"2021-01-17T13:03:21+00:00","dateModified":"2022-05-03T06:34:37+00:00","breadcrumb":{"@id":"https:\/\/zaun-meister.ch\/zaunbau\/impressum-datenschutz\/#breadcrumb"},"inLanguage":"de-CH","potentialAction":[{"@type":"ReadAction","target":["https:\/\/zaun-meister.ch\/zaunbau\/impressum-datenschutz\/"]}]},{"@type":"BreadcrumbList","@id":"https:\/\/zaun-meister.ch\/zaunbau\/impressum-datenschutz\/#breadcrumb","itemListElement":[{"@type":"ListItem","position":1,"name":"Home","item":"https:\/\/zaun-meister.ch\/zaunbau\/"},{"@type":"ListItem","position":2,"name":"Datenschutz \/ Impressum"}]},{"@type":"WebSite","@id":"https:\/\/zaun-meister.ch\/zaunbau\/#website","url":"https:\/\/zaun-meister.ch\/zaunbau\/","name":"Zaunmeister GmbH - Ihr kompetenter Zaunbau Partner","description":"Spezialist f\u00fcr Zaun- und Torbau","publisher":{"@id":"https:\/\/zaun-meister.ch\/zaunbau\/#organization"},"potentialAction":[{"@type":"SearchAction","target":{"@type":"EntryPoint","urlTemplate":"https:\/\/zaun-meister.ch\/zaunbau\/?s={search_term_string}"},"query-input":{"@type":"PropertyValueSpecification","valueRequired":true,"valueName":"search_term_string"}}],"inLanguage":"de-CH"},{"@type":"Organization","@id":"https:\/\/zaun-meister.ch\/zaunbau\/#organization","name":"Zaunmeister GmbH - Ihr kompetenter Zaunbau Partner","alternateName":"Zaunmeister \u2013 Ihr Meister f\u00fcr den Bau von Z\u00e4unen aller Art","url":"https:\/\/zaun-meister.ch\/zaunbau\/","logo":{"@type":"ImageObject","inLanguage":"de-CH","@id":"https:\/\/zaun-meister.ch\/zaunbau\/#\/schema\/logo\/image\/","url":"https:\/\/zaun-meister.ch\/zaunbau\/wp-content\/uploads\/Logo_lang_zaun-meister.jpg","contentUrl":"https:\/\/zaun-meister.ch\/zaunbau\/wp-content\/uploads\/Logo_lang_zaun-meister.jpg","width":800,"height":120,"caption":"Zaunmeister GmbH - Ihr kompetenter Zaunbau Partner"},"image":{"@id":"https:\/\/zaun-meister.ch\/zaunbau\/#\/schema\/logo\/image\/"},"sameAs":["https:\/\/www.facebook.com\/Zaunmeister-GmbH-110472404880314","https:\/\/www.instagram.com\/zaunbau_zaunmeister\/"]}]}},"_links":{"self":[{"href":"https:\/\/zaun-meister.ch\/zaunbau\/wp-json\/wp\/v2\/pages\/2253","targetHints":{"allow":["GET"]}}],"collection":[{"href":"https:\/\/zaun-meister.ch\/zaunbau\/wp-json\/wp\/v2\/pages"}],"about":[{"href":"https:\/\/zaun-meister.ch\/zaunbau\/wp-json\/wp\/v2\/types\/page"}],"author":[{"embeddable":true,"href":"https:\/\/zaun-meister.ch\/zaunbau\/wp-json\/wp\/v2\/users\/1"}],"replies":[{"embeddable":true,"href":"https:\/\/zaun-meister.ch\/zaunbau\/wp-json\/wp\/v2\/comments?post=2253"}],"version-history":[{"count":60,"href":"https:\/\/zaun-meister.ch\/zaunbau\/wp-json\/wp\/v2\/pages\/2253\/revisions"}],"predecessor-version":[{"id":2828,"href":"https:\/\/zaun-meister.ch\/zaunbau\/wp-json\/wp\/v2\/pages\/2253\/revisions\/2828"}],"wp:attachment":[{"href":"https:\/\/zaun-meister.ch\/zaunbau\/wp-json\/wp\/v2\/media?parent=2253"}],"curies":[{"name":"wp","href":"https:\/\/api.w.org\/{rel}","templated":true}]}}