{"id":600,"date":"2020-10-18T08:46:55","date_gmt":"2020-10-18T08:46:55","guid":{"rendered":"http:\/\/zaun-meister.ch\/zaunbau\/?page_id=600"},"modified":"2025-05-06T14:42:04","modified_gmt":"2025-05-06T14:42:04","slug":"kontakt","status":"publish","type":"page","link":"https:\/\/zaun-meister.ch\/zaunbau\/kontakt\/","title":{"rendered":"Kontaktieren Sie uns bei Ihrem Gartenzaun-Projekt"},"content":{"rendered":"\t\t<div data-elementor-type=\"wp-page\" data-elementor-id=\"600\" class=\"elementor elementor-600\" data-elementor-post-type=\"page\">\n\t\t\t\t\t\t<section class=\"elementor-section elementor-top-section elementor-element elementor-element-306f6524 elementor-section-height-min-height elementor-section-boxed elementor-section-height-default elementor-section-items-middle\" data-id=\"306f6524\" data-element_type=\"section\" data-e-type=\"section\" data-settings=\"{&quot;background_background&quot;:&quot;classic&quot;}\">\n\t\t\t\t\t\t\t<div class=\"elementor-background-overlay\"><\/div>\n\t\t\t\t\t\t\t<div class=\"elementor-container elementor-column-gap-default\">\n\t\t\t\t\t<div class=\"elementor-column elementor-col-100 elementor-top-column elementor-element elementor-element-33b77177\" data-id=\"33b77177\" data-element_type=\"column\" data-e-type=\"column\">\n\t\t\t<div class=\"elementor-widget-wrap elementor-element-populated\">\n\t\t\t\t\t\t<div class=\"elementor-element elementor-element-3a1840e5 elementor-widget elementor-widget-heading\" data-id=\"3a1840e5\" data-element_type=\"widget\" data-e-type=\"widget\" data-widget_type=\"heading.default\">\n\t\t\t\t<div class=\"elementor-widget-container\">\n\t\t\t\t\t<h1 class=\"elementor-heading-title elementor-size-default\">Ihre Zaunmeister- Team f\u00fcr Ihren den perfekten Zaun<\/h1>\t\t\t\t<\/div>\n\t\t\t\t<\/div>\n\t\t\t\t<div class=\"elementor-element elementor-element-4b374adc elementor-widget-divider--view-line_icon elementor-view-default elementor-widget-divider--element-align-center elementor-widget elementor-widget-divider\" data-id=\"4b374adc\" data-element_type=\"widget\" data-e-type=\"widget\" data-widget_type=\"divider.default\">\n\t\t\t\t<div class=\"elementor-widget-container\">\n\t\t\t\t\t\t\t<div class=\"elementor-divider\">\n\t\t\t<span class=\"elementor-divider-separator\">\n\t\t\t\t\t\t\t<div class=\"elementor-icon elementor-divider__element\">\n\t\t\t\t\t<i aria-hidden=\"true\" class=\"fab fa-canadian-maple-leaf\"><\/i><\/div>\n\t\t\t\t\t\t<\/span>\n\t\t<\/div>\n\t\t\t\t\t\t<\/div>\n\t\t\t\t<\/div>\n\t\t\t\t\t<\/div>\n\t\t<\/div>\n\t\t\t\t\t<\/div>\n\t\t<\/section>\n\t\t\t\t<section class=\"elementor-section elementor-top-section elementor-element elementor-element-5fcb3cc0 elementor-section-boxed elementor-section-height-default elementor-section-height-default\" data-id=\"5fcb3cc0\" data-element_type=\"section\" data-e-type=\"section\" data-settings=\"{&quot;background_background&quot;:&quot;classic&quot;}\">\n\t\t\t\t\t\t<div class=\"elementor-container elementor-column-gap-default\">\n\t\t\t\t\t<div class=\"elementor-column elementor-col-33 elementor-top-column elementor-element elementor-element-378cc2fa\" data-id=\"378cc2fa\" data-element_type=\"column\" data-e-type=\"column\">\n\t\t\t<div class=\"elementor-widget-wrap elementor-element-populated\">\n\t\t\t\t\t\t<div class=\"elementor-element elementor-element-783d3423 elementor-view-framed elementor-shape-circle elementor-position-block-start elementor-mobile-position-block-start elementor-widget elementor-widget-icon-box\" data-id=\"783d3423\" data-element_type=\"widget\" data-e-type=\"widget\" data-widget_type=\"icon-box.default\">\n\t\t\t\t<div class=\"elementor-widget-container\">\n\t\t\t\t\t\t\t<div class=\"elementor-icon-box-wrapper\">\n\n\t\t\t\t\t\t<div class=\"elementor-icon-box-icon\">\n\t\t\t\t<span  class=\"elementor-icon\">\n\t\t\t\t<i aria-hidden=\"true\" class=\"fas fa-map-marked-alt\"><\/i>\t\t\t\t<\/span>\n\t\t\t<\/div>\n\t\t\t\n\t\t\t\t\t\t<div class=\"elementor-icon-box-content\">\n\n\t\t\t\t\t\t\t\t\t<h3 class=\"elementor-icon-box-title\">\n\t\t\t\t\t\t<span  >\n\t\t\t\t\t\t\tWerkstatt &amp; Lager\t\t\t\t\t\t<\/span>\n\t\t\t\t\t<\/h3>\n\t\t\t\t\n\t\t\t\t\t\t\t\t\t<p class=\"elementor-icon-box-description\">\n\t\t\t\t\t\tPappelnstrasse 12, 8620 Wetzikon\t\t\t\t\t<\/p>\n\t\t\t\t\n\t\t\t<\/div>\n\t\t\t\n\t\t<\/div>\n\t\t\t\t\t\t<\/div>\n\t\t\t\t<\/div>\n\t\t\t\t\t<\/div>\n\t\t<\/div>\n\t\t\t\t<div class=\"elementor-column elementor-col-33 elementor-top-column elementor-element elementor-element-3e7bf518\" data-id=\"3e7bf518\" data-element_type=\"column\" data-e-type=\"column\">\n\t\t\t<div class=\"elementor-widget-wrap elementor-element-populated\">\n\t\t\t\t\t\t<div class=\"elementor-element elementor-element-7614b198 elementor-view-framed elementor-shape-circle elementor-position-block-start elementor-mobile-position-block-start elementor-widget elementor-widget-icon-box\" data-id=\"7614b198\" data-element_type=\"widget\" data-e-type=\"widget\" data-widget_type=\"icon-box.default\">\n\t\t\t\t<div class=\"elementor-widget-container\">\n\t\t\t\t\t\t\t<div class=\"elementor-icon-box-wrapper\">\n\n\t\t\t\t\t\t<div class=\"elementor-icon-box-icon\">\n\t\t\t\t<a href=\"tel:+41445583366%20\" class=\"elementor-icon\" tabindex=\"-1\" aria-label=\"Wir sind f\u00fcr sie da! \">\n\t\t\t\t<i aria-hidden=\"true\" class=\"fas fa-phone-alt\"><\/i>\t\t\t\t<\/a>\n\t\t\t<\/div>\n\t\t\t\n\t\t\t\t\t\t<div class=\"elementor-icon-box-content\">\n\n\t\t\t\t\t\t\t\t\t<h3 class=\"elementor-icon-box-title\">\n\t\t\t\t\t\t<a href=\"tel:+41445583366%20\" >\n\t\t\t\t\t\t\tWir sind f\u00fcr sie da! \t\t\t\t\t\t<\/a>\n\t\t\t\t\t<\/h3>\n\t\t\t\t\n\t\t\t\t\t\t\t\t\t<p class=\"elementor-icon-box-description\">\n\t\t\t\t\t\t+41 76 207 10 11\n<br>+41 44 558 33 66\t\t\t\t\t<\/p>\n\t\t\t\t\n\t\t\t<\/div>\n\t\t\t\n\t\t<\/div>\n\t\t\t\t\t\t<\/div>\n\t\t\t\t<\/div>\n\t\t\t\t\t<\/div>\n\t\t<\/div>\n\t\t\t\t<div class=\"elementor-column elementor-col-33 elementor-top-column elementor-element elementor-element-11891611\" data-id=\"11891611\" data-element_type=\"column\" data-e-type=\"column\">\n\t\t\t<div class=\"elementor-widget-wrap elementor-element-populated\">\n\t\t\t\t\t\t<div class=\"elementor-element elementor-element-2037ad86 elementor-view-framed elementor-shape-circle elementor-position-block-start elementor-mobile-position-block-start elementor-widget elementor-widget-icon-box\" data-id=\"2037ad86\" data-element_type=\"widget\" data-e-type=\"widget\" data-widget_type=\"icon-box.default\">\n\t\t\t\t<div class=\"elementor-widget-container\">\n\t\t\t\t\t\t\t<div class=\"elementor-icon-box-wrapper\">\n\n\t\t\t\t\t\t<div class=\"elementor-icon-box-icon\">\n\t\t\t\t<a href=\"mailto:info@zaun-meister.ch\" target=\"_blank\" class=\"elementor-icon\" tabindex=\"-1\" aria-label=\"E-Mailadresse\">\n\t\t\t\t<i aria-hidden=\"true\" class=\"fas fa-envelope-open\"><\/i>\t\t\t\t<\/a>\n\t\t\t<\/div>\n\t\t\t\n\t\t\t\t\t\t<div class=\"elementor-icon-box-content\">\n\n\t\t\t\t\t\t\t\t\t<h3 class=\"elementor-icon-box-title\">\n\t\t\t\t\t\t<a href=\"mailto:info@zaun-meister.ch\" target=\"_blank\" >\n\t\t\t\t\t\t\tE-Mailadresse\t\t\t\t\t\t<\/a>\n\t\t\t\t\t<\/h3>\n\t\t\t\t\n\t\t\t\t\t\t\t\t\t<p class=\"elementor-icon-box-description\">\n\t\t\t\t\t\tinfo@zaun-meister.ch \t\t\t\t\t<\/p>\n\t\t\t\t\n\t\t\t<\/div>\n\t\t\t\n\t\t<\/div>\n\t\t\t\t\t\t<\/div>\n\t\t\t\t<\/div>\n\t\t\t\t\t<\/div>\n\t\t<\/div>\n\t\t\t\t\t<\/div>\n\t\t<\/section>\n\t\t\t\t<section class=\"elementor-section elementor-top-section elementor-element elementor-element-6886f6c9 elementor-section-boxed elementor-section-height-default elementor-section-height-default\" data-id=\"6886f6c9\" data-element_type=\"section\" data-e-type=\"section\" data-settings=\"{&quot;background_background&quot;:&quot;classic&quot;}\">\n\t\t\t\t\t\t<div class=\"elementor-container elementor-column-gap-default\">\n\t\t\t\t\t<div class=\"elementor-column elementor-col-50 elementor-top-column elementor-element elementor-element-55d7515b\" data-id=\"55d7515b\" data-element_type=\"column\" data-e-type=\"column\">\n\t\t\t<div class=\"elementor-widget-wrap elementor-element-populated\">\n\t\t\t\t\t\t<div class=\"elementor-element elementor-element-580825d5 elementor-widget elementor-widget-heading\" data-id=\"580825d5\" data-element_type=\"widget\" data-e-type=\"widget\" data-widget_type=\"heading.default\">\n\t\t\t\t<div class=\"elementor-widget-container\">\n\t\t\t\t\t<h3 class=\"elementor-heading-title elementor-size-default\">Sie w\u00fcnschen ein Angebot?\n<\/h3>\t\t\t\t<\/div>\n\t\t\t\t<\/div>\n\t\t\t\t<div class=\"elementor-element elementor-element-5923872 premium-cf7-button-fwidth-yes elementor-widget elementor-widget-premium-contact-form\" data-id=\"5923872\" data-element_type=\"widget\" data-e-type=\"widget\" data-widget_type=\"premium-contact-form.default\">\n\t\t\t\t<div class=\"elementor-widget-container\">\n\t\t\t\t\t\r\n\t\t\t\r\n\t\t\t<div class=\"premium-cf7-container\" data-settings=\"{&quot;fields_glass&quot;:&quot;none&quot;,&quot;submit_glass&quot;:&quot;none&quot;}\">\r\n\t\t\t\t\n<div class=\"wpcf7 no-js\" id=\"wpcf7-f1632-o1\" lang=\"de-CH\" dir=\"ltr\" data-wpcf7-id=\"1632\">\n<div class=\"screen-reader-response\"><p role=\"status\" aria-live=\"polite\" aria-atomic=\"true\"><\/p> <ul><\/ul><\/div>\n<form action=\"\/zaunbau\/wp-json\/wp\/v2\/pages\/600#wpcf7-f1632-o1\" method=\"post\" class=\"wpcf7-form init\" aria-label=\"Contact form\" novalidate=\"novalidate\" data-status=\"init\">\n<fieldset class=\"hidden-fields-container\"><input type=\"hidden\" name=\"_wpcf7\" value=\"1632\" \/><input type=\"hidden\" name=\"_wpcf7_version\" value=\"6.1.5\" \/><input type=\"hidden\" name=\"_wpcf7_locale\" value=\"de_CH\" \/><input type=\"hidden\" name=\"_wpcf7_unit_tag\" value=\"wpcf7-f1632-o1\" \/><input type=\"hidden\" name=\"_wpcf7_container_post\" value=\"0\" \/><input type=\"hidden\" name=\"_wpcf7_posted_data_hash\" value=\"\" \/><input type=\"hidden\" name=\"_uacf7_hidden_conditional_fields\" value=\"\" \/><input type=\"hidden\" name=\"_wpcf7_recaptcha_response\" value=\"\" \/>\n<\/fieldset>\n<div class=\"uacf7-form-wrapper-container uacf7-form-1632  \"><label> Vorname und Name\n    <span class=\"wpcf7-form-control-wrap\" data-name=\"your-name\"><input size=\"40\" maxlength=\"400\" class=\"wpcf7-form-control wpcf7-text wpcf7-validates-as-required\" aria-required=\"true\" aria-invalid=\"false\" value=\"\" type=\"text\" name=\"your-name\" \/><\/span> <\/label>\n\n<label> E-Mail\n    <span class=\"wpcf7-form-control-wrap\" data-name=\"your-email\"><input size=\"40\" maxlength=\"400\" class=\"wpcf7-form-control wpcf7-email wpcf7-validates-as-required wpcf7-text wpcf7-validates-as-email\" aria-required=\"true\" aria-invalid=\"false\" value=\"\" type=\"email\" name=\"your-email\" \/><\/span> <\/label>\n\n<label> Telefonummer\n<span class=\"wpcf7-form-control-wrap\" data-name=\"Telefonnummer\"><input size=\"40\" maxlength=\"400\" class=\"wpcf7-form-control wpcf7-tel wpcf7-validates-as-required wpcf7-text wpcf7-validates-as-tel\" aria-required=\"true\" aria-invalid=\"false\" value=\"\" type=\"tel\" name=\"Telefonnummer\" \/><\/span>  <\/label>\n\n<label> Was m\u00f6chten Sie?\n    <span class=\"wpcf7-form-control-wrap\" data-name=\"your-subject\"><input size=\"40\" maxlength=\"400\" class=\"wpcf7-form-control wpcf7-text wpcf7-validates-as-required\" aria-required=\"true\" aria-invalid=\"false\" value=\"\" type=\"text\" name=\"your-subject\" \/><\/span> <\/label>\n\n<label> Ihre Nachricht\/Anfrage (optional)\n    <span class=\"wpcf7-form-control-wrap\" data-name=\"your-message\"><textarea cols=\"40\" rows=\"10\" maxlength=\"2000\" class=\"wpcf7-form-control wpcf7-textarea\" aria-invalid=\"false\" name=\"your-message\"><\/textarea><\/span> <\/label>\n\n<label>Anh\u00e4nge wie Fotos oder Pl\u00e4ne, bitte direkt per E-Mail an \ninfo@zaun-meister.ch senden<\/label>\n\n<input class=\"wpcf7-form-control wpcf7-submit has-spinner\" type=\"submit\" value=\"Abschicken\" \/><\/div><div class=\"wpcf7-response-output\" aria-hidden=\"true\"><\/div>\n<\/form>\n<\/div>\n\t\t\t<\/div>\r\n\r\n\t\t\t\t\t\t\t<\/div>\n\t\t\t\t<\/div>\n\t\t\t\t\t<\/div>\n\t\t<\/div>\n\t\t\t\t<div class=\"elementor-column elementor-col-50 elementor-top-column elementor-element elementor-element-7cde7461\" data-id=\"7cde7461\" data-element_type=\"column\" data-e-type=\"column\">\n\t\t\t<div class=\"elementor-widget-wrap elementor-element-populated\">\n\t\t\t\t\t\t<div class=\"elementor-element elementor-element-5573d418 elementor-widget elementor-widget-google_maps\" data-id=\"5573d418\" data-element_type=\"widget\" data-e-type=\"widget\" data-widget_type=\"google_maps.default\">\n\t\t\t\t<div class=\"elementor-widget-container\">\n\t\t\t\t\t\t\t<div class=\"elementor-custom-embed\">\n\t\t\t<iframe loading=\"lazy\"\n\t\t\t\t\tsrc=\"https:\/\/www.google.com\/maps\/embed\/v1\/place?key=AIzaSyC2SpWNYSCPU8S2GuOMEjxtoKbb3pyZAVY&#038;q=Pappelnstrasse%2012%2C%208620%20Wetzikon&#038;zoom=15\"\n\t\t\t\t\ttitle=\"Pappelnstrasse 12, 8620 Wetzikon\"\n\t\t\t\t\taria-label=\"Pappelnstrasse 12, 8620 Wetzikon\"\n\t\t\t><\/iframe>\n\t\t<\/div>\n\t\t\t\t\t\t<\/div>\n\t\t\t\t<\/div>\n\t\t\t\t\t<\/div>\n\t\t<\/div>\n\t\t\t\t\t<\/div>\n\t\t<\/section>\n\t\t\t\t<\/div>\n\t\t","protected":false},"excerpt":{"rendered":"<p>Ihre Zaunmeister- Team f\u00fcr Ihren den perfekten Zaun Werkstatt &amp; Lager Pappelnstrasse 12, 8620 Wetzikon \u00a0 Wir sind f\u00fcr sie da! +41 76 207 10 11 +41 44 558 33 66 \u00a0 E-Mailadresse info@zaun-meister.ch Sie w\u00fcnschen ein Angebot? Vorname und Name E-Mail Telefonummer Was m\u00f6chten Sie? Ihre Nachricht\/Anfrage (optional) Anh\u00e4nge wie Fotos oder Pl\u00e4ne, bitte &hellip; <\/p>\n<p class=\"link-more\"><a href=\"https:\/\/zaun-meister.ch\/zaunbau\/kontakt\/\" class=\"more-link\"><span class=\"screen-reader-text\">&#171;Kontaktieren Sie uns bei Ihrem Gartenzaun-Projekt&#187;<\/span> weiterlesen<\/a><\/p>\n","protected":false},"author":1,"featured_media":0,"parent":0,"menu_order":0,"comment_status":"closed","ping_status":"closed","template":"elementor_header_footer","meta":{"footnotes":""},"class_list":["post-600","page","type-page","status-publish","hentry"],"yoast_head":"<!-- This site is optimized with the Yoast SEO plugin v27.1.1 - https:\/\/yoast.com\/product\/yoast-seo-wordpress\/ -->\n<title>Kontaktieren Sie uns bei Ihrem Gartenzaun-Projekt - Zaunmeister GmbH - Ihr kompetenter Zaunbau Partner<\/title>\n<meta name=\"description\" content=\"Von Gartenz\u00e4unen bis Sichtschutz \u2013 wir bieten individuelle L\u00f6sungen, pr\u00e4zise Montage und langlebige Qualit\u00e4t. Jetzt Kontakt aufnehmen!\" \/>\n<meta name=\"robots\" content=\"index, follow, max-snippet:-1, max-image-preview:large, max-video-preview:-1\" \/>\n<link rel=\"canonical\" href=\"https:\/\/zaun-meister.ch\/zaunbau\/kontakt\/\" \/>\n<meta property=\"og:locale\" content=\"de_DE\" \/>\n<meta property=\"og:type\" content=\"article\" \/>\n<meta property=\"og:title\" content=\"Kontaktieren Sie uns bei Ihrem Gartenzaun-Projekt - Zaunmeister GmbH - Ihr kompetenter Zaunbau Partner\" \/>\n<meta property=\"og:description\" content=\"Von Gartenz\u00e4unen bis Sichtschutz \u2013 wir bieten individuelle L\u00f6sungen, pr\u00e4zise Montage und langlebige Qualit\u00e4t. Jetzt Kontakt aufnehmen!\" \/>\n<meta property=\"og:url\" content=\"https:\/\/zaun-meister.ch\/zaunbau\/kontakt\/\" \/>\n<meta property=\"og:site_name\" content=\"Zaunmeister GmbH - Ihr kompetenter Zaunbau Partner\" \/>\n<meta property=\"article:publisher\" content=\"https:\/\/www.facebook.com\/Zaunmeister-GmbH-110472404880314\" \/>\n<meta property=\"article:modified_time\" content=\"2025-05-06T14:42:04+00:00\" \/>\n<meta property=\"og:image\" content=\"https:\/\/zaun-meister.ch\/zaunbau\/wp-content\/uploads\/2020\/12\/Logo_lang_zaun-meister.jpg\" \/>\n\t<meta property=\"og:image:width\" content=\"800\" \/>\n\t<meta property=\"og:image:height\" content=\"120\" \/>\n\t<meta property=\"og:image:type\" content=\"image\/jpeg\" \/>\n<meta name=\"twitter:card\" content=\"summary_large_image\" \/>\n<meta name=\"twitter:label1\" content=\"Gesch\u00e4tzte Lesezeit\" \/>\n\t<meta name=\"twitter:data1\" content=\"1\u00a0Minute\" \/>\n<script type=\"application\/ld+json\" class=\"yoast-schema-graph\">{\"@context\":\"https:\/\/schema.org\",\"@graph\":[{\"@type\":\"WebPage\",\"@id\":\"https:\/\/zaun-meister.ch\/zaunbau\/kontakt\/\",\"url\":\"https:\/\/zaun-meister.ch\/zaunbau\/kontakt\/\",\"name\":\"Kontaktieren Sie uns bei Ihrem Gartenzaun-Projekt - Zaunmeister GmbH - Ihr kompetenter Zaunbau Partner\",\"isPartOf\":{\"@id\":\"https:\/\/zaun-meister.ch\/zaunbau\/#website\"},\"datePublished\":\"2020-10-18T08:46:55+00:00\",\"dateModified\":\"2025-05-06T14:42:04+00:00\",\"description\":\"Von Gartenz\u00e4unen bis Sichtschutz \u2013 wir bieten individuelle L\u00f6sungen, pr\u00e4zise Montage und langlebige Qualit\u00e4t. Jetzt Kontakt aufnehmen!\",\"breadcrumb\":{\"@id\":\"https:\/\/zaun-meister.ch\/zaunbau\/kontakt\/#breadcrumb\"},\"inLanguage\":\"de-CH\",\"potentialAction\":[{\"@type\":\"ReadAction\",\"target\":[\"https:\/\/zaun-meister.ch\/zaunbau\/kontakt\/\"]}]},{\"@type\":\"BreadcrumbList\",\"@id\":\"https:\/\/zaun-meister.ch\/zaunbau\/kontakt\/#breadcrumb\",\"itemListElement\":[{\"@type\":\"ListItem\",\"position\":1,\"name\":\"Home\",\"item\":\"https:\/\/zaun-meister.ch\/zaunbau\/\"},{\"@type\":\"ListItem\",\"position\":2,\"name\":\"Kontaktieren Sie uns bei Ihrem Gartenzaun-Projekt\"}]},{\"@type\":\"WebSite\",\"@id\":\"https:\/\/zaun-meister.ch\/zaunbau\/#website\",\"url\":\"https:\/\/zaun-meister.ch\/zaunbau\/\",\"name\":\"Zaunmeister GmbH - Ihr kompetenter Zaunbau Partner\",\"description\":\"Spezialist f\u00fcr Zaun- und Torbau\",\"publisher\":{\"@id\":\"https:\/\/zaun-meister.ch\/zaunbau\/#organization\"},\"potentialAction\":[{\"@type\":\"SearchAction\",\"target\":{\"@type\":\"EntryPoint\",\"urlTemplate\":\"https:\/\/zaun-meister.ch\/zaunbau\/?s={search_term_string}\"},\"query-input\":{\"@type\":\"PropertyValueSpecification\",\"valueRequired\":true,\"valueName\":\"search_term_string\"}}],\"inLanguage\":\"de-CH\"},{\"@type\":\"Organization\",\"@id\":\"https:\/\/zaun-meister.ch\/zaunbau\/#organization\",\"name\":\"Zaunmeister GmbH - Ihr kompetenter Zaunbau Partner\",\"alternateName\":\"Zaunmeister \u2013 Ihr Meister f\u00fcr den Bau von Z\u00e4unen aller Art\",\"url\":\"https:\/\/zaun-meister.ch\/zaunbau\/\",\"logo\":{\"@type\":\"ImageObject\",\"inLanguage\":\"de-CH\",\"@id\":\"https:\/\/zaun-meister.ch\/zaunbau\/#\/schema\/logo\/image\/\",\"url\":\"https:\/\/zaun-meister.ch\/zaunbau\/wp-content\/uploads\/Logo_lang_zaun-meister.jpg\",\"contentUrl\":\"https:\/\/zaun-meister.ch\/zaunbau\/wp-content\/uploads\/Logo_lang_zaun-meister.jpg\",\"width\":800,\"height\":120,\"caption\":\"Zaunmeister GmbH - Ihr kompetenter Zaunbau Partner\"},\"image\":{\"@id\":\"https:\/\/zaun-meister.ch\/zaunbau\/#\/schema\/logo\/image\/\"},\"sameAs\":[\"https:\/\/www.facebook.com\/Zaunmeister-GmbH-110472404880314\",\"https:\/\/www.instagram.com\/zaunbau_zaunmeister\/\"]}]}<\/script>\n<!-- \/ Yoast SEO plugin. -->","yoast_head_json":{"title":"Kontaktieren Sie uns bei Ihrem Gartenzaun-Projekt - Zaunmeister GmbH - Ihr kompetenter Zaunbau Partner","description":"Von Gartenz\u00e4unen bis Sichtschutz \u2013 wir bieten individuelle L\u00f6sungen, pr\u00e4zise Montage und langlebige Qualit\u00e4t. Jetzt Kontakt aufnehmen!","robots":{"index":"index","follow":"follow","max-snippet":"max-snippet:-1","max-image-preview":"max-image-preview:large","max-video-preview":"max-video-preview:-1"},"canonical":"https:\/\/zaun-meister.ch\/zaunbau\/kontakt\/","og_locale":"de_DE","og_type":"article","og_title":"Kontaktieren Sie uns bei Ihrem Gartenzaun-Projekt - Zaunmeister GmbH - Ihr kompetenter Zaunbau Partner","og_description":"Von Gartenz\u00e4unen bis Sichtschutz \u2013 wir bieten individuelle L\u00f6sungen, pr\u00e4zise Montage und langlebige Qualit\u00e4t. Jetzt Kontakt aufnehmen!","og_url":"https:\/\/zaun-meister.ch\/zaunbau\/kontakt\/","og_site_name":"Zaunmeister GmbH - Ihr kompetenter Zaunbau Partner","article_publisher":"https:\/\/www.facebook.com\/Zaunmeister-GmbH-110472404880314","article_modified_time":"2025-05-06T14:42:04+00:00","og_image":[{"width":800,"height":120,"url":"https:\/\/zaun-meister.ch\/zaunbau\/wp-content\/uploads\/2020\/12\/Logo_lang_zaun-meister.jpg","type":"image\/jpeg"}],"twitter_card":"summary_large_image","twitter_misc":{"Gesch\u00e4tzte Lesezeit":"1\u00a0Minute"},"schema":{"@context":"https:\/\/schema.org","@graph":[{"@type":"WebPage","@id":"https:\/\/zaun-meister.ch\/zaunbau\/kontakt\/","url":"https:\/\/zaun-meister.ch\/zaunbau\/kontakt\/","name":"Kontaktieren Sie uns bei Ihrem Gartenzaun-Projekt - Zaunmeister GmbH - Ihr kompetenter Zaunbau Partner","isPartOf":{"@id":"https:\/\/zaun-meister.ch\/zaunbau\/#website"},"datePublished":"2020-10-18T08:46:55+00:00","dateModified":"2025-05-06T14:42:04+00:00","description":"Von Gartenz\u00e4unen bis Sichtschutz \u2013 wir bieten individuelle L\u00f6sungen, pr\u00e4zise Montage und langlebige Qualit\u00e4t. Jetzt Kontakt aufnehmen!","breadcrumb":{"@id":"https:\/\/zaun-meister.ch\/zaunbau\/kontakt\/#breadcrumb"},"inLanguage":"de-CH","potentialAction":[{"@type":"ReadAction","target":["https:\/\/zaun-meister.ch\/zaunbau\/kontakt\/"]}]},{"@type":"BreadcrumbList","@id":"https:\/\/zaun-meister.ch\/zaunbau\/kontakt\/#breadcrumb","itemListElement":[{"@type":"ListItem","position":1,"name":"Home","item":"https:\/\/zaun-meister.ch\/zaunbau\/"},{"@type":"ListItem","position":2,"name":"Kontaktieren Sie uns bei Ihrem Gartenzaun-Projekt"}]},{"@type":"WebSite","@id":"https:\/\/zaun-meister.ch\/zaunbau\/#website","url":"https:\/\/zaun-meister.ch\/zaunbau\/","name":"Zaunmeister GmbH - Ihr kompetenter Zaunbau Partner","description":"Spezialist f\u00fcr Zaun- und Torbau","publisher":{"@id":"https:\/\/zaun-meister.ch\/zaunbau\/#organization"},"potentialAction":[{"@type":"SearchAction","target":{"@type":"EntryPoint","urlTemplate":"https:\/\/zaun-meister.ch\/zaunbau\/?s={search_term_string}"},"query-input":{"@type":"PropertyValueSpecification","valueRequired":true,"valueName":"search_term_string"}}],"inLanguage":"de-CH"},{"@type":"Organization","@id":"https:\/\/zaun-meister.ch\/zaunbau\/#organization","name":"Zaunmeister GmbH - Ihr kompetenter Zaunbau Partner","alternateName":"Zaunmeister \u2013 Ihr Meister f\u00fcr den Bau von Z\u00e4unen aller Art","url":"https:\/\/zaun-meister.ch\/zaunbau\/","logo":{"@type":"ImageObject","inLanguage":"de-CH","@id":"https:\/\/zaun-meister.ch\/zaunbau\/#\/schema\/logo\/image\/","url":"https:\/\/zaun-meister.ch\/zaunbau\/wp-content\/uploads\/Logo_lang_zaun-meister.jpg","contentUrl":"https:\/\/zaun-meister.ch\/zaunbau\/wp-content\/uploads\/Logo_lang_zaun-meister.jpg","width":800,"height":120,"caption":"Zaunmeister GmbH - Ihr kompetenter Zaunbau Partner"},"image":{"@id":"https:\/\/zaun-meister.ch\/zaunbau\/#\/schema\/logo\/image\/"},"sameAs":["https:\/\/www.facebook.com\/Zaunmeister-GmbH-110472404880314","https:\/\/www.instagram.com\/zaunbau_zaunmeister\/"]}]}},"_links":{"self":[{"href":"https:\/\/zaun-meister.ch\/zaunbau\/wp-json\/wp\/v2\/pages\/600","targetHints":{"allow":["GET"]}}],"collection":[{"href":"https:\/\/zaun-meister.ch\/zaunbau\/wp-json\/wp\/v2\/pages"}],"about":[{"href":"https:\/\/zaun-meister.ch\/zaunbau\/wp-json\/wp\/v2\/types\/page"}],"author":[{"embeddable":true,"href":"https:\/\/zaun-meister.ch\/zaunbau\/wp-json\/wp\/v2\/users\/1"}],"replies":[{"embeddable":true,"href":"https:\/\/zaun-meister.ch\/zaunbau\/wp-json\/wp\/v2\/comments?post=600"}],"version-history":[{"count":85,"href":"https:\/\/zaun-meister.ch\/zaunbau\/wp-json\/wp\/v2\/pages\/600\/revisions"}],"predecessor-version":[{"id":3243,"href":"https:\/\/zaun-meister.ch\/zaunbau\/wp-json\/wp\/v2\/pages\/600\/revisions\/3243"}],"wp:attachment":[{"href":"https:\/\/zaun-meister.ch\/zaunbau\/wp-json\/wp\/v2\/media?parent=600"}],"curies":[{"name":"wp","href":"https:\/\/api.w.org\/{rel}","templated":true}]}}